{"id":29139,"date":"2025-11-04T07:38:05","date_gmt":"2025-11-04T07:38:05","guid":{"rendered":"https:\/\/wocopo.com\/?post_type=product&#038;p=29139"},"modified":"2025-11-04T07:38:17","modified_gmt":"2025-11-04T07:38:17","slug":"tu-van-wrap","status":"publish","type":"product","link":"https:\/\/wocopo.com\/index.php\/san-pham\/tu-van-wrap\/","title":{"rendered":"T\u01af V\u1ea4N WRAP"},"content":{"rendered":"<p><strong>ISO l\u00e0 g\u00ec?<\/strong>\u00a0ISO l\u00e0 t\u1ed5 ch\u1ee9c ti\u00eau chu\u1ea9n qu\u1ed1c t\u1ebf (The International Organization for Standardization), l\u00e0 m\u1ed9t \u1ee7y ban qu\u1ed1c t\u1ebf bao g\u1ed3m c\u00e1c c\u01a1 quan ti\u00eau chu\u1ea9n qu\u1ed1c gia c\u1ee7a h\u01a1n 160 qu\u1ed1c gia.<\/p>\n<p><strong>ISO 9000 l\u00e0 g\u00ec?\u00a0<\/strong>ISO 9000 l\u00e0:<\/p>\n<p>&#8211;\u00a0\u00a0\u00a0\u00a0\u00a0\u00a0\u00a0B\u1ed9 ti\u00eau chu\u1ea9n v\u1ec1 qu\u1ea3n l\u00fd ch\u1ea5t l\u01b0\u1ee3ng<\/p>\n<p>&#8211;\u00a0\u00a0\u00a0\u00a0\u00a0\u00a0\u00a0\u0110\u01b0a ra c\u00e1c nguy\u00ean t\u1eafc v\u1ec1 qu\u1ea3n l\u00fd<\/p>\n<p>&#8211;\u00a0\u00a0\u00a0\u00a0\u00a0\u00a0\u00a0T\u1eadp trung v\u00e0o r\u1ee7i ro, c\u01a1 h\u1ed9i v\u00e0 c\u1ea3i ti\u1ebfn<\/p>\n<p>&#8211;\u00a0\u00a0\u00a0\u00a0\u00a0 \u00a0Ch\u1ec9 \u0111\u01b0a ra c\u00e1c y\u00eau c\u1ea7u c\u1ea7n \u0111\u00e1p \u1ee9ng<\/p>\n<p>&#8211;\u00a0\u00a0\u00a0\u00a0\u00a0\u00a0\u00a0\u00c1p d\u1ee5ng cho t\u1ea5t c\u1ea3 c\u00e1c lo\u1ea1i h\u00ecnh t\u1ed5 ch\u1ee9c kh\u00f4ng ph\u00e2n bi\u1ec7t quy m\u00f4 hay lo\u1ea1I h\u00ecnh \u00a0\u00a0s\u1ea3n xu\u1ea5t \/ d\u1ecbch v\u1ee5<\/p>\n<p><strong>B\u1ed9 ti\u00eau chu\u1ea9n ISO 9000 bao g\u1ed3m:<\/strong><\/p>\n<p>1.\u00a0\u00a0\u00a0\u00a0\u00a0ISO 9000:\u00a02015 H\u1ec7 th\u1ed1ng qu\u1ea3n l\u00fd ch\u1ea5t l\u01b0\u1ee3ng &#8211; C\u01a1 s\u1edf v\u00e0 t\u1eeb v\u1ef1ng<\/p>\n<p>2.\u00a0\u00a0\u00a0\u00a0\u00a0ISO 9001:\u00a02015 H\u1ec7 th\u1ed1ng qu\u1ea3n l\u00fd ch\u1ea5t l\u01b0\u1ee3ng &#8211;\u00a0 C\u00e1c y\u00eau c\u1ea7u<\/p>\n<p>3.\u00a0\u00a0\u00a0\u00a0\u00a0ISO 9004: 2009 H\u1ec7 th\u1ed1ng qu\u1ea3n l\u00fd ch\u1ea5t l\u01b0\u1ee3ng\u00a0 &#8211; H\u01b0\u1edbng d\u1eabn c\u1ea3i ti\u1ebfn hi\u1ec7u qu\u1ea3<\/p>\n<p>4.\u00a0\u00a0\u00a0\u00a0\u00a0ISO 19011: 2011 H\u01b0\u1edbng d\u1eabn \u0111\u00e1nh gi\u00e1 h\u1ec7 th\u1ed1ng qu\u1ea3n l\u00fd ch\u1ea5t l\u01b0\u1ee3ng<\/p>\n<p><strong>ISO 9001 l\u00e0 g\u00ec?<\/strong><\/p>\n<p>-ISO 9001 l\u00e0 ti\u00eau chu\u1ea9n qu\u1ed1c t\u1ebf v\u1ec1 c\u00e1c y\u00eau c\u1ea7u c\u1ee7a m\u1ed9t h\u1ec7 th\u1ed1ng qu\u1ea3n l\u00fd ch\u1ea5t l\u01b0\u1ee3ng (QMS) n\u1eb1m trong b\u1ed9 ti\u00eau chu\u1ea9n ISO 9000. \u00a0ISO9001 l\u00e0 ti\u00eau chu\u1ea9n ph\u1ed5 bi\u1ebfn nh\u1ea5t trong b\u1ed9 ti\u00eau chu\u1ea9n ISO 9000 v\u00e0 l\u00e0 ti\u00eau chu\u1ea9n duy nh\u1ea5t trong b\u1ed9 ti\u00eau chu\u1ea9n ISO9000 m\u00e0 t\u1ed5 ch\u1ee9c c\u00f3 th\u1ec3 \u0111\u01b0\u1ee3c ch\u1ee9ng nh\u1eadn (m\u1eb7c d\u00f9 \u0111i\u1ec1u n\u00e0y kh\u00f4ng ph\u1ea3i l\u00e0 m\u1ed9t y\u00eau c\u1ea7u).<\/p>\n<p><strong>ISO 9001:2015 l\u00e0 g\u00ec?<\/strong><\/p>\n<p>-ISO 9001:2015 l\u00e0 ti\u00eau chu\u1ea9n v\u1ec1 h\u1ec7 th\u1ed1ng qu\u1ea3n l\u00fd ch\u1ea5t l\u01b0\u1ee3ng. ISO 9001 \u0111\u00e3 \u0111\u01b0\u1ee3c xu\u1ea5t b\u1ea3n l\u1ea7n \u0111\u1ea7u v\u00e0o n\u0103m 1987, phi\u00ean b\u1ea3n hi\u1ec7n t\u1ea1i c\u1ee7a ti\u00eau chu\u1ea9n ISO 9001 \u0111\u00e3 \u0111\u01b0\u1ee3c ph\u00e1t h\u00e0nh v\u00e0o th\u00e1ng 9 n\u0103m 2015 (ISO 9001:2015)<\/p>\n<p>-C\u00e1c t\u1ed5 ch\u1ee9c \u00e1p d\u1ee5ng ti\u00eau chu\u1ea9n ISO 9001:2015 \u0111\u1ec3 ch\u1ee9ng t\u1ecf kh\u1ea3 n\u0103ng lu\u00f4n cung c\u1ea5p s\u1ea3n ph\u1ea9m v\u00e0 d\u1ecbch v\u1ee5 \u0111\u00e1p \u1ee9ng th\u1ecfa m\u00e3n kh\u00e1ch h\u00e0ng v\u00e0 y\u00eau c\u1ea7u lu\u1eadt \u0111\u1ecbnh.<\/p>\n<p><img decoding=\"async\" class=\"lazy-loaded\" src=\"https:\/\/media.loveitopcdn.com\/33279\/tu-van-dao-tao-iso-9001-2015.png\" alt=\"L\u00c0M TH\u1ebe N\u00c0O \u0110\u1ec2 \u0110\u01af\u1ee2C CH\u1ee8NG NH\u1eacN HTQLCL ISO 9001:2015 ?\" data-isrc=\"https:\/\/media.loveitopcdn.com\/33279\/tu-van-dao-tao-iso-9001-2015.png\" \/><\/p>\n<p><em>Napha th\u1ef1c hi\u1ec7n t\u01b0 v\u1ea5n v\u00e0 x\u00e2y d\u1ef1ng h\u1ec7 th\u1ed1ng theo\u00a0ISO 9001:2015 cho c\u00f4ng ty Triple J t\u1ea1i B\u00ecnh D\u01b0\u01a1ng<\/em><\/p>\n<p><strong>T\u1ed5 ch\u1ee9c n\u00e0o n\u00ean \u00e1p d\u1ee5ng ti\u00eau chu\u1ea9n ISO 9001:2015 ?<\/strong><\/p>\n<p>ISO 9001:2015 \u00e1p d\u1ee5ng cho b\u1ea5t k\u1ef3 t\u1ed5 ch\u1ee9c n\u00e0o kh\u00f4ng ph\u00e2n bi\u1ec7t lo\u1ea1i h\u00ecnh, quy m\u00f4 ho\u1eb7c s\u1ea3n ph\u1ea9m v\u00e0 d\u1ecbch v\u1ee5 cung c\u1ea5p. H\u01a1n m\u1ed9t tri\u1ec7u t\u1ed5 ch\u1ee9c t\u1eeb h\u01a1n 160 qu\u1ed1c gia \u0111\u00e3 \u0111\u01b0\u1ee3c ch\u1ee9ng nh\u1eadn ISO 9001.<\/p>\n<p>Sau khi hi\u1ec3u ISO 9001:2015 l\u00e0 g\u00ec v\u00e0 \u00e1p d\u1ee5ng n\u00f3, c\u00e1c t\u1ed5 ch\u1ee9c b\u1ea5t k\u1ec3 l\u1edbn hay nh\u1ecf, b\u1ea5t k\u1ec3 l\u0129nh v\u1ef1c ho\u1ea1t \u0111\u1ed9ng nh\u1eadn th\u1ea5y r\u1eb1ng vi\u1ec7c \u00e1p d\u1ee5ng \u00a0ti\u00eau chu\u1ea9n ISO 9001 gi\u00fap h\u1ecd:<\/p>\n<p>\u2022 T\u1ed5 ch\u1ee9c c\u00e1c quy tr\u00ecnh<\/p>\n<p>\u2022 N\u00e2ng cao hi\u1ec7u qu\u1ea3 c\u1ee7a c\u00e1c qu\u00e1 tr\u00ecnh<\/p>\n<p>\u2022 Ti\u1ebfp t\u1ee5c c\u1ea3i ti\u1ebfn<\/p>\n<p><strong>L\u00e0m th\u1ebf n\u00e0o \u0111\u1ec3 b\u1eaft \u0111\u1ea7u v\u1edbi ISO 9001:2015?<\/strong><\/p>\n<p>C\u00e1c t\u1ed5 ch\u1ee9c \u00e1p d\u1ee5ng ti\u00eau chu\u1ea9n ISO 9001 \u0111\u01b0\u1ee3c khuy\u1ebfn kh\u00edch chuy\u1ec3n sang phi\u00ean b\u1ea3n 2015 c\u00e0ng s\u1edbm c\u00e0ng t\u1ed1t. Tuy nhi\u00ean th\u1eddi h\u1ea1n chuy\u1ec3n \u0111\u1ed5i sang phi\u00ean b\u1ea3n m\u1edbi \u0111\u01b0\u1ee3c Di\u1ec5n \u0111\u00e0n C\u00f4ng nh\u1eadn Qu\u1ed1c t\u1ebf (IAF) v\u00e0 \u1ee6y ban ISO ch\u1ea5p thu\u1eadn l\u00e0 ba n\u0103m k\u1ec3 t\u1eeb ng\u00e0y ban h\u00e0nh ti\u00eau chu\u1ea9n ISO 9001: 2015. \u0110i\u1ec1u n\u00e0y kh\u00f4ng ch\u1ec9 \u00e1p d\u1ee5ng cho c\u00e1c t\u1ed5 ch\u1ee9c \u0111\u00e3 \u0111\u01b0\u1ee3c ch\u1ee9ng nh\u1eadn ti\u00eau chu\u1ea9n ISO 9001:2008, m\u00e0 c\u00f2n cho b\u1ea5t k\u1ef3 t\u1ed5 ch\u1ee9c m\u1edbi thi\u1ebft l\u1eadp h\u1ec7 th\u1ed1ng qu\u1ea3n l\u00fd ch\u1ea5t l\u01b0\u1ee3ng ISO 9001.<\/p>\n<p><img decoding=\"async\" class=\"lazy-loaded\" src=\"https:\/\/media.loveitopcdn.com\/33279\/napha-tu-van-dao-tao-iso-9001.png\" alt=\"L\u00c0M TH\u1ebe N\u00c0O \u0110\u1ec2 \u0110\u01af\u1ee2C CH\u1ee8NG NH\u1eacN HTQLCL ISO 9001:2015 ?\" data-isrc=\"https:\/\/media.loveitopcdn.com\/33279\/napha-tu-van-dao-tao-iso-9001.png\" \/><\/p>\n<p><em>Napha t\u1ed5 ch\u1ee9c t\u01b0 v\u1ea5n \u0111\u00e0o t\u1ea1o ISO 9001:2015 cho Kh\u00e1ch s\u1ea1n A25 t\u1ea1i H\u00e0 N\u1ed9i<\/em><\/p>\n<p><strong>ISO 9001: 2015 bao g\u1ed3m c\u00e1c \u0111i\u1ec1u kho\u1ea3n n\u00e0o?<\/strong><\/p>\n<p>ISO 9001:2015 g\u1ed3m c\u00f3 10 \u0111i\u1ec1u kho\u1ea3n:<\/p>\n<p>1.\u00a0\u00a0\u00a0 Ph\u1ea1m vi \u00e1p d\u1ee5ng<\/p>\n<p>2.\u00a0\u00a0\u00a0 T\u00e0i li\u1ec7u vi\u1ec7n d\u1eabn<\/p>\n<p>3.\u00a0\u00a0\u00a0 Thu\u1eadt ng\u1eef v\u00e0 \u0111\u1ecbnh ngh\u0129a<\/p>\n<p>4.\u00a0\u00a0\u00a0 B\u1ed1i c\u1ea3nh c\u1ee7a t\u1ed5 ch\u1ee9c<\/p>\n<p>5.\u00a0\u00a0\u00a0 S\u1ef1 l\u00e3nh \u0111\u1ea1o<\/p>\n<p>6.\u00a0\u00a0\u00a0 Ho\u1ea1ch \u0111\u1ecbnh<\/p>\n<p>7.\u00a0\u00a0\u00a0 H\u1ed7 tr\u1ee3<\/p>\n<p>8.\u00a0\u00a0\u00a0 \u0110i\u1ec1u h\u00e0nh<\/p>\n<p>9.\u00a0\u00a0\u00a0 \u0110\u00e1nh gi\u00e1 k\u1ebft qu\u1ea3 ho\u1ea1t \u0111\u1ed9ng<\/p>\n<p>10. C\u1ea3i ti\u1ebfn<\/p>\n<p>&nbsp;<\/p>\n<div class=\"table-wrapper\" align=\"center\">\n<table>\n<tbody>\n<tr>\n<td width=\"69\" height=\"0\"><\/td>\n<\/tr>\n<tr>\n<td><\/td>\n<td><img decoding=\"async\" class=\"lazy-loaded\" src=\"https:\/\/tuvanisovn.com\/kcfinder\/upload\/images\/ISO-9001-2015.png\" alt=\"https:\/\/tuvanisovn.com\/kcfinder\/upload\/images\/ISO-9001-2015.png\" data-isrc=\"https:\/\/tuvanisovn.com\/kcfinder\/upload\/images\/ISO-9001-2015.png\" \/><\/td>\n<\/tr>\n<\/tbody>\n<\/table>\n<\/div>\n<p><br clear=\"ALL\" \/><strong>PCDA Ph\u00e2n B\u1ed5 Theo C\u00e1c \u0110i\u1ec3u Kho\u1ea3n ISO 9001:2015 nh\u01b0 th\u1ebf n\u00e0o?<\/strong><\/p>\n<p>Trong b\u1ed1i c\u1ea3nh c\u1ee7a m\u1ed9t h\u1ec7 th\u1ed1ng qu\u1ea3n l\u00fd ch\u1ea5t l\u01b0\u1ee3ng, ph\u01b0\u01a1ng ph\u00e1p khoa h\u1ecdc c\u1ee7a PDCA c\u00f3 th\u1ec3 \u0111\u01b0\u1ee3c minh h\u1ecda nh\u01b0 sau.<\/p>\n<p>1.\u00a0<strong>P<\/strong>LAN (l\u1eadp k\u1ebf ho\u1ea1ch cho c\u00e1c quy tr\u00ecnh n\u00e0y s\u1ebd \u0111\u1ea1t \u0111\u01b0\u1ee3c c\u00e1c m\u1ee5c ti\u00eau)<\/p>\n<p>2.\u00a0<strong>D<\/strong>O (th\u1ef1c hi\u1ec7n k\u1ebf ho\u1ea1ch, l\u00e0m theo k\u1ebf ho\u1ea1ch),<\/p>\n<p>3.<strong>C<\/strong>HECK (\u0111\u00e1nh gi\u00e1 ki\u1ec3m tra x\u00e1c \u0111\u1ecbnh m\u1ee9c \u0111\u1ed9 \u0111\u1ea1t \u0111\u01b0\u1ee3c m\u1ee5c ti\u00eau c\u1ee7a k\u1ebf ho\u1ea1ch \u0111\u00e3 th\u1ef1c hi\u1ec7n),<\/p>\n<p>4.<strong>A<\/strong>CT (h\u00e0nh \u0111\u1ed9ng kh\u1eafc ph\u1ee5c \u0111\u1ec3 th\u1ef1c hi\u1ec7n c\u1ea3i ti\u1ebfn k\u1ebf ho\u1ea1ch \u0111\u1ec3 c\u1ea3i thi\u1ec7n hi\u1ec7u su\u1ea5t nh\u01b0 mong mu\u1ed1n). N\u1ebfu hi\u1ec7u su\u1ea5t c\u1ea7n \u0111\u01b0\u1ee3c c\u1ea3i thi\u1ec7n th\u00ec c\u1ea7n ph\u1ea3i c\u00f3 h\u00e0nh \u0111\u1ed9ng kh\u1eafc ph\u1ee5c \u0111\u1ec3 c\u1ea3i thi\u1ec7n h\u1ec7 th\u1ed1ng. \u00a0N\u1ebfu hi\u1ec7u su\u1ea5t l\u00e0 ch\u1ea5p nh\u1eadn \u0111\u01b0\u1ee3c th\u00ec k\u1ebf ho\u1ea1ch l\u00e0 t\u1ed1t. Th\u1ef1c hi\u1ec7n theo k\u1ebf ho\u1ea1ch.<\/p>\n<p><b>L\u1ee2I \u00cdCH C\u1ee6A ISO 9001:2015 L\u00c0 G\u00cc?<\/b><\/p>\n<p>T\u1ea1i sao ti\u00eau chu\u1ea9n ISO 9001:2015 l\u00e0 m\u1ed9t \u00fd t\u01b0\u1edfng t\u1ed1t cho t\u1ed5 ch\u1ee9c c\u1ee7a b\u1ea1n? C\u00e1c c\u00f4ng ty l\u1edbn v\u00e0 nh\u1ecf \u0111\u1ec1u \u0111\u00e3 g\u1eb7t h\u00e1i \u0111\u01b0\u1ee3c r\u1ea5t nhi\u1ec1u th\u00e0nh qu\u1ea3 v\u00e0 l\u1ee3i \u00edch t\u1eeb vi\u1ec7c \u00e1p d\u1ee5ng ti\u00eau chu\u1ea9n n\u00e0y. Nh\u1eefng l\u1ee3i \u00edch c\u1ee7a ISO 9001:2015 kh\u00f4ng h\u1ec1 l\u00e0 c\u01b0\u1eddng \u0111i\u1ec7u m\u1ed9t ch\u00fat n\u00e0o. D\u01b0\u1edbi \u0111\u00e2y l\u00e0 m\u1ed9t s\u1ed1 l\u1ee3i \u00edch khi doanh nghi\u1ec7p \u00e1p d\u1ee5ng v\u00e0 duy tr\u00ec h\u1ec7 th\u1ed1ng qu\u1ea3n l\u00fd ch\u1ea5t l\u01b0\u1ee3ng ISO 9001:2015:<\/p>\n<p>&nbsp;<\/p>\n<p>&nbsp;<\/p>\n<p><img decoding=\"async\" class=\"lazy-loaded\" src=\"https:\/\/tuvanisovn.com\/kcfinder\/upload\/images\/loi-ich-iso-9001-2015.png\" alt=\"https:\/\/tuvanisovn.com\/kcfinder\/upload\/images\/loi-ich-iso-9001-2015.png\" data-isrc=\"https:\/\/tuvanisovn.com\/kcfinder\/upload\/images\/loi-ich-iso-9001-2015.png\" \/><\/p>\n<p>L\u1ee3i \u00edch c\u1ee7a ISO 9001:2015<\/p>\n<p>1. T\u0103ng uy t\u00edn v\u00e0 h\u00ecnh \u1ea3nh tr\u00ean th\u1ecb tr\u01b0\u1eddng, t\u0103ng th\u1ecb ph\u1ea7n trong v\u00e0 ngo\u00e0i n\u01b0\u1edbc<br \/>\n2. Qu\u00e1 tr\u00ecnh h\u1ed9i nh\u1eadp t\u1ed1t h\u01a1n<br \/>\n3. Ch\u1ea5t l\u01b0\u1ee3ng v\u00e0 c\u1ea3i ti\u1ebfn li\u00ean t\u1ee5c l\u00e0 ho\u1ea1t \u0111\u1ed9ng trung t\u00e2m c\u1ee7a doanh nghi\u1ec7p<br \/>\n4. Ti\u1ebfp c\u1eadn Qu\u1ea3n l\u00fd r\u1ee7i ro v\u00e0 c\u01a1 h\u1ed9i<br \/>\n5. Gi\u00fap t\u1ed5 ch\u1ee9c c\u1ee7a b\u1ea1n \u0111\u00e1p \u1ee9ng vi\u1ec7c tu\u00e2n th\u1ee7 c\u00e1c y\u00eau c\u1ea7u ph\u00e1p l\u00fd v\u00e0 c\u00e1c quy \u0111\u1ecbnh hi\u1ec7n h\u00e0nh.<br \/>\n6. S\u1ea3n ph\u1ea9m c\u00f3 ch\u1ea5t l\u01b0\u1ee3ng \u1ed5n \u0111\u1ecbnh h\u01a1n, gi\u1ea3m s\u1ea3n ph\u1ea9m h\u1ecfng<br \/>\n7. T\u0103ng s\u1ea3n l\u01b0\u1ee3ng do ki\u1ec3m so\u00e1t \u0111\u01b0\u1ee3c th\u1eddi gian trong qu\u00e1 tr\u00ecnh s\u1ea3n xu\u1ea5t<br \/>\n8. L\u1ee3i nhu\u1eadn t\u0103ng cao h\u01a1n do s\u1ea3n xu\u1ea5t hi\u1ec7u qu\u1ea3, gi\u1ea3m chi ph\u00ed (gi\u1ea3m l\u00e3ng ph\u00ed)<br \/>\n9. H\u1ec7 th\u1ed1ng qu\u1ea3n l\u00fd g\u1ecdn nh\u1eb9, ch\u1eb7t ch\u1ebd, v\u1eadn h\u00e0nh hi\u1ec7u qu\u1ea3 v\u00e0 nhanh ch\u00f3ng<br \/>\n10. Ki\u1ec3m so\u00e1t \u0111\u01b0\u1ee3c ch\u1ea5t l\u01b0\u1ee3ng nguy\u00ean v\u1eadt li\u1ec7u \u0111\u1ea7u v\u00e0o do ki\u1ec3m so\u00e1t \u0111\u01b0\u1ee3c nh\u00e0 cung c\u1ea5p.<br \/>\n11. Th\u00fac \u0111\u1ea9y s\u1ef1 c\u1ea3i ti\u1ebfn li\u00ean t\u1ee5c \u0111\u1ec3 cung c\u1ea5p s\u1ea3n ph\u1ea9m tho\u1ea3 m\u00e3n \u0111\u01b0\u1ee3c y\u00eau c\u1ea7u kh\u00e1ch h\u00e0ng.<br \/>\n12. C\u1ea3i ti\u1ebfn b\u1eb1ng ch\u1ee9ng cho vi\u1ec7c ra quy\u1ebft \u0111\u1ecbnh<br \/>\n13. M\u1ecdi ng\u01b0\u1eddi hi\u1ec3u r\u00f5 h\u01a1n vai tr\u00f2 c\u1ee7a m\u00ecnh trong c\u00f4ng ty, bi\u1ebft r\u00f5 tr\u00e1ch nhi\u1ec7m v\u00e0 quy\u1ec1n h\u1ea1n c\u1ee7a m\u00ecnh h\u01a1n n\u00ean ch\u1ee7 \u0111\u1ed9ng th\u1ef1c hi\u1ec7n c\u00f4ng vi\u1ec7c<\/p>\n<p>14. T\u0103ng \u0111\u1ed9ng l\u1ef1c l\u00e0m vi\u1ec7c v\u00e0 s\u1ef1 tham gia nhi\u1ec1u h\u01a1n c\u1ee7a nh\u00e2n vi\u00ean v\u00e0o qu\u1ea3n l\u00fd ch\u1ea5t l\u01b0\u1ee3ng<\/p>\n<p>15.\u00a0 M\u1ed9t c\u00e1ch ti\u1ebfp c\u1eadn t\u00edch h\u1ee3p c\u00e1c h\u1ec7 th\u1ed1ng qu\u1ea3n l\u00fd. V\u1edbi c\u1ea5u tr\u00fac m\u1edbi \u0111\u01b0\u1ee3c \u00e1p d\u1ee5ng cho t\u1ea5t c\u1ea3 c\u00e1c ti\u00eau chu\u1ea9n h\u1ec7 th\u1ed1ng qu\u1ea3n l\u00fd theo ti\u00eau chu\u1ea9n ISO m\u1edbi, t\u1ed5 ch\u1ee9c s\u1ebd d\u1ec5 d\u00e0ng h\u01a1n nhi\u1ec1u trong vi\u1ec7c \u00e1p d\u1ee5ng nhi\u1ec1u h\u1ec7 th\u1ed1ng qu\u1ea3n l\u00fd c\u00f9ng l\u00fac (t\u00edch h\u1ee3p h\u1ec7 th\u1ed1ng qu\u1ea3n l\u00fd )<\/p>\n<p>V\u1edbi 15 l\u00fd do \u0111\u1ec3 t\u01b0 v\u1ea5n ch\u1ee9ng nh\u1eadn ISO 9001:2015 \u1edf tr\u00ean ch\u1eafc h\u1eb3n \u0111\u00e3 cung c\u1ea5p m\u1ed9t c\u00e1i nh\u00ecn t\u1ed5ng quan v\u1ec1 c\u00e1c l\u1ee3i \u00edch m\u00e0 t\u1ed5 ch\u1ee9c c\u00f3 \u0111\u01b0\u1ee3c khi \u00e1p d\u1ee5ng ISO 9001:2015<\/p>\n<p>&nbsp;<\/p>\n<p><strong>9 L\u00dd\u00a0DO T\u1ea0I SAO N\u00caN CH\u1eccN T\u01af V\u1ea4N \u0110\u00c0O T\u1ea0O ISO NAPHA<\/strong><\/p>\n<p>X\u00e2y d\u1ef1ng v\u00e0 \u00e1p d\u1ee5ng H\u1ec7 th\u1ed1ng qu\u1ea3n l\u00fd v\u00e0o doanh nghi\u1ec7p l\u00e0 h\u1ebft s\u1ee9c quan tr\u1ecdng v\u00ec n\u00f3 s\u1ebd mang l\u1ea1i nh\u1eefng t\u00e1c d\u1ee5ng to l\u1edbn kh\u00f4ng ch\u1ec9 l\u00e0 t\u1edd gi\u1ea5y ch\u1ee9ng ch\u1ec9 m\u00e0 c\u00f2n l\u00e0 c\u00f4ng c\u1ee5 qu\u1ea3n l\u00fd &amp; g\u00f3p ph\u1ea7n n\u00e2ng cao h\u00ecnh \u1ea3nh v\u00e0 v\u1ecb th\u1ebf c\u1ee7a m\u1ed7i doanh nghi\u1ec7p.<\/p>\n<p>T\u01b0 v\u1ea5n ISO NAPHA tin r\u1eb1ng v\u1edbi 9 l\u00fd do sau \u0111\u00e2y, c\u00f3 th\u1ec3 gi\u00fap Doanh nghi\u1ec7p l\u00e0m \u0111\u01b0\u1ee3c \u0111i\u1ec1u \u0111\u00f3:<\/p>\n<p>1.\u00a0\u00a0\u00a0\u00a0\u00a0 T\u01b0 v\u1ea5n \u0111\u00e0o t\u1ea1o chuy\u00ean nghi\u1ec7p v\u1edbi \u0111\u1ed9i ng\u0169 chuy\u00ean gia gi\u00e0u kinh nghi\u1ec7m v\u00e0 h\u01b0\u1edbng d\u1eabn t\u1eadn t\u00ecnh<\/p>\n<p>2.\u00a0\u00a0\u00a0\u00a0\u00a0 Th\u1ea5u hi\u1ec3u kh\u00e1ch h\u00e0ng, cam k\u1ebft \u0111\u1ea3m b\u1ea3o h\u1ec7 th\u1ed1ng hi\u1ec7u qu\u1ea3 v\u00e0 theo \u0111\u00fang ti\u1ebfn \u0111\u1ed9 doanh nghi\u1ec7p y\u00eau c\u1ea7u<\/p>\n<p>3.\u00a0\u00a0\u00a0\u00a0\u00a0 Cam k\u1ebft t\u01b0 v\u1ea5n \u0111\u00e0o t\u1ea1o doanh nghi\u1ec7p \u00e1p d\u1ee5ng ISO m\u00e0 kh\u00f4ng c\u1ea7n \u0111\u1ea7u t\u01b0 th\u00eam chi ph\u00ed v\u1ec1 c\u01a1 s\u1edf h\u1ea1 t\u1ea7ng<\/p>\n<p>4.\u00a0\u00a0\u00a0\u00a0\u00a0 \u0110\u01b0\u1ee3c cung c\u1ea5p c\u00e1c t\u00e0i li\u1ec7u m\u1eabu (s\u1ed5 tay, quy tr\u00ecnh, h\u01b0\u1edbng d\u1eabn c\u00f4ng vi\u1ec7c, c\u00e1c bi\u1ec3u m\u1eabu \u2026) mi\u1ec5n ph\u00ed<\/p>\n<p>5.\u00a0\u00a0\u00a0\u00a0\u00a0 Chi ph\u00ed h\u1ee3p l\u00fd, \u0111i\u1ec1u ki\u1ec7n thanh to\u00e1n \u0111\u1ea3m b\u1ea3o &#8211; theo \u0111\u00fang m\u1ee5c ti\u00eau doanh nghi\u1ec7p \u0111\u1eb7t ra<\/p>\n<p>6.\u00a0\u00a0\u00a0\u00a0\u00a0 Th\u1eddi gian t\u01b0 v\u1ea5n \u0111\u00e0o t\u1ea1o linh \u0111\u1ed9ng v\u1edbi t\u00ecnh h\u00ecnh s\u1ea3n xu\u1ea5t &#8211; kinh doanh c\u1ee7a Doanh nghi\u1ec7p<\/p>\n<p>7.\u00a0\u00a0\u00a0\u00a0\u00a0 C\u00f3 nhi\u1ec1u g\u00f3i t\u01b0 v\u1ea5n \u0111\u00e0o t\u1ea1o theo \u0111\u00fang ti\u00eau ch\u00ed c\u1ee7a doanh nghi\u1ec7p \u0111\u1ec1 ra<\/p>\n<p>8.\u00a0\u00a0\u00a0\u00a0\u00a0 Cam k\u1ebft t\u01b0 v\u1ea5n ISO \u0111\u1ea1t k\u1ebft qu\u1ea3 100%<\/p>\n<p>9.\u00a0\u00a0\u00a0\u00a0\u00a0 H\u1ee3p t\u00e1c v\u1edbi c\u00e1c t\u1ed5 ch\u1ee9c v\u00e0 c\u01a1 quan ch\u1ee9ng nh\u1eadn ISO uy t\u00edn nh\u1ea5t \u0111\u1ec3 \u0111\u1ea3m b\u1ea3o ch\u1ee9ng ch\u1ec9 c\u1ee7a b\u1ea1n c\u00f3 c\u00f4ng nh\u1eadn qu\u1ed1c gia v\u00e0 qu\u1ed1c t\u1ebf th\u00edch h\u1ee3p<\/p>\n<p>&nbsp;<\/p>\n<p>Thay v\u00ec doanh nghi\u1ec7p b\u1ea1n ph\u1ea3i m\u1ea5t th\u1eddi gian c\u00f4ng s\u1ee9c v\u00e0 ti\u1ec1n b\u1ea1c \u0111\u1ec3 c\u00f3 \u0111\u01b0\u1ee3c ki\u1ebfn th\u1ee9c v\u00e0 b\u00e0i h\u1ecdc x\u00e2y d\u1ef1ng h\u1ec7 th\u1ed1ng qu\u1ea3n l\u00fd. B\u1ea1n h\u00e3y li\u00ean h\u1ec7 v\u1edbi t\u01b0 v\u1ea5n ISO Napha chuy\u00ean gia t\u01b0 v\u1ea5n \u0111\u00e0o t\u1ea1o c\u1ee7a ch\u00fang t\u00f4i l\u00e0 nh\u1eefng ng\u01b0\u1eddi \u0111\u00e3 c\u00f3 s\u1eb5n ki\u1ebfn th\u1ee9c, kinh nghi\u1ec7m b\u1ea1n c\u1ea7n. \u0110\u1ee9ng \u1edf v\u1ecb tr\u00ed c\u1ee7a m\u1ed9t nh\u00e0 qu\u1ea3n tr\u1ecb ho\u1eb7c m\u1ed9t ng\u01b0\u1eddi l\u00e3nh \u0111\u1ea1o lu\u00f4n mu\u1ed1n c\u00f4ng ty m\u00ecnh ng\u00e0y c\u00e0ng ph\u00e1t tri\u1ec3n v\u00e0 \u0111em l\u1ea1i gi\u00e1 tr\u1ecb th\u01b0\u01a1ng hi\u1ec7u cho m\u00ecnh, T\u01b0 v\u1ea5n ISO NAPHA th\u1ea5u hi\u1ec3u \u0111\u01b0\u1ee3c t\u00e2m t\u00ecnh c\u1ee7a kh\u00e1ch h\u00e0ng, cam k\u1ebft mang \u0111\u1ebfn d\u1ecbch v\u1ee5 t\u1ed1t nh\u1ea5t, hi\u1ec7u qu\u1ea3 nh\u1ea5t cho qu\u00fd kh\u00e1ch h\u00e0ng. Th\u00e0nh c\u00f4ng c\u1ee7a Qu\u00fd kh\u00e1ch h\u00e0ng l\u00e0 th\u00e0nh c\u00f4ng c\u1ee7a t\u01b0 v\u1ea5n Napha.<\/p>\n","protected":false},"excerpt":{"rendered":"<p>ISO 9001:2015 l\u00e0 g\u00ec? Nh\u1eefng Doanh nghi\u1ec7p n\u00e0o n\u00ean \u00e1p d\u1ee5ng H\u1ec7 th\u1ed1ng Qu\u1ea3n l\u00fd Ch\u1ea5t l\u01b0\u1ee3ng ISO 9001:2015? \u00a0L\u00e0m th\u1ebf n\u00e0o \u0111\u1ec3 \u0111\u01b0\u1ee3c t\u01b0 v\u1ea5n\u00a0ch\u1ee9ng nh\u1eadn ISO 9001:2015?<\/p>\n","protected":false},"featured_media":29130,"comment_status":"open","ping_status":"closed","template":"","meta":[],"product_brand":[],"product_cat":[20],"product_tag":[],"class_list":{"0":"post-29139","1":"product","2":"type-product","3":"status-publish","4":"has-post-thumbnail","6":"product_cat-chung-nhan-iso","8":"first","9":"instock","10":"taxable","11":"shipping-taxable","12":"purchasable","13":"product-type-simple"},"_links":{"self":[{"href":"https:\/\/wocopo.com\/index.php\/wp-json\/wp\/v2\/product\/29139","targetHints":{"allow":["GET"]}}],"collection":[{"href":"https:\/\/wocopo.com\/index.php\/wp-json\/wp\/v2\/product"}],"about":[{"href":"https:\/\/wocopo.com\/index.php\/wp-json\/wp\/v2\/types\/product"}],"replies":[{"embeddable":true,"href":"https:\/\/wocopo.com\/index.php\/wp-json\/wp\/v2\/comments?post=29139"}],"version-history":[{"count":1,"href":"https:\/\/wocopo.com\/index.php\/wp-json\/wp\/v2\/product\/29139\/revisions"}],"predecessor-version":[{"id":29140,"href":"https:\/\/wocopo.com\/index.php\/wp-json\/wp\/v2\/product\/29139\/revisions\/29140"}],"wp:featuredmedia":[{"embeddable":true,"href":"https:\/\/wocopo.com\/index.php\/wp-json\/wp\/v2\/media\/29130"}],"wp:attachment":[{"href":"https:\/\/wocopo.com\/index.php\/wp-json\/wp\/v2\/media?parent=29139"}],"wp:term":[{"taxonomy":"product_brand","embeddable":true,"href":"https:\/\/wocopo.com\/index.php\/wp-json\/wp\/v2\/product_brand?post=29139"},{"taxonomy":"product_cat","embeddable":true,"href":"https:\/\/wocopo.com\/index.php\/wp-json\/wp\/v2\/product_cat?post=29139"},{"taxonomy":"product_tag","embeddable":true,"href":"https:\/\/wocopo.com\/index.php\/wp-json\/wp\/v2\/product_tag?post=29139"}],"curies":[{"name":"wp","href":"https:\/\/api.w.org\/{rel}","templated":true}]}}